{"id":498,"date":"2024-01-10T02:36:44","date_gmt":"2024-01-10T02:36:44","guid":{"rendered":"https:\/\/thunderdragon.vn\/?page_id=498"},"modified":"2024-01-12T02:42:24","modified_gmt":"2024-01-12T02:42:24","slug":"%e9%80%a3%e7%b5%a1","status":"publish","type":"page","link":"https:\/\/thunderdragon.vn\/ja\/%e9%80%a3%e7%b5%a1\/","title":{"rendered":"\u9023\u7d61"},"content":{"rendered":"<p>[vc_row css=&#8221;.vc_custom_1559548963532{padding-bottom: 35px !important;}&#8221;][vc_column width=&#8221;7\/12&#8243; css=&#8221;.vc_custom_1530458307049{padding-top: 35px !important;padding-right: 15px !important;padding-bottom: 35px !important;padding-left: 15px !important;background-color: #f5f6f6 !important;}&#8221;]    <div class=\"south-title text-left\">\n        <h3 class=\"title\">\u304a\u554f\u3044\u5408\u308f\u305b\u30d5\u30a9\u30fc\u30e0 <span><\/span><\/h3>\n\t\t    <\/div>\n<div class=\"wt-separator-outer \">\n                                    <div class=\"wt-separator style-square\">\n                                        <span class=\"separator-left bg-primary\"><\/span>\n                                        <span class=\"separator-right bg-primary\"><\/span>\n                                    <\/div>\n                                <\/div>\n[vc_empty_space height=&#8221;10px&#8221;]<div role=\"form\" class=\"wpcf7\" id=\"wpcf7-f5-o1\" lang=\"vi\" dir=\"ltr\">\n<div class=\"screen-reader-response\"><p role=\"status\" aria-live=\"polite\" aria-atomic=\"true\"><\/p> <ul><\/ul><\/div>\n<form action=\"\/ja\/wp-json\/wp\/v2\/pages\/498#wpcf7-f5-o1\" method=\"post\" class=\"wpcf7-form init\" novalidate=\"novalidate\" data-status=\"init\">\n<div style=\"display: none;\">\n<input type=\"hidden\" name=\"_wpcf7\" value=\"5\" \/>\n<input type=\"hidden\" name=\"_wpcf7_version\" value=\"5.6.3\" \/>\n<input type=\"hidden\" name=\"_wpcf7_locale\" value=\"vi\" \/>\n<input type=\"hidden\" name=\"_wpcf7_unit_tag\" value=\"wpcf7-f5-o1\" \/>\n<input type=\"hidden\" name=\"_wpcf7_container_post\" value=\"0\" \/>\n<input type=\"hidden\" name=\"_wpcf7_posted_data_hash\" value=\"\" \/>\n<\/div>\n<div class=\"row\">\n<div class=\"col-md-6\"><span class=\"wpcf7-form-control-wrap\" data-name=\"your-name\"><input type=\"text\" name=\"your-name\" value=\"\" size=\"40\" class=\"wpcf7-form-control wpcf7-text wpcf7-validates-as-required rounded-0 mb-3 p-2\" aria-required=\"true\" aria-invalid=\"false\" placeholder=\"H\u1ecd v\u00e0 t\u00ean\" \/><\/span><\/div>\n<div class=\"col-md-6\"><span class=\"wpcf7-form-control-wrap\" data-name=\"your-email\"><input type=\"email\" name=\"your-email\" value=\"\" size=\"40\" class=\"wpcf7-form-control wpcf7-text wpcf7-email wpcf7-validates-as-required wpcf7-validates-as-email rounded-0 mb-3 p-2\" aria-required=\"true\" aria-invalid=\"false\" placeholder=\"Email\" \/><\/span><\/div>\n<div class=\"col-md-6\"><span class=\"wpcf7-form-control-wrap\" data-name=\"tel-822\"><input type=\"tel\" name=\"tel-822\" value=\"\" size=\"40\" class=\"wpcf7-form-control wpcf7-text wpcf7-tel wpcf7-validates-as-tel rounded-0 mb-3 p-2\" aria-invalid=\"false\" placeholder=\"S\u1ed1 \u0111i\u1ec7n tho\u1ea1i\" \/><\/span><\/div>\n<div class=\"col-md-6\"><span class=\"wpcf7-form-control-wrap\" data-name=\"your-subject\"><input type=\"text\" name=\"your-subject\" value=\"\" size=\"40\" class=\"wpcf7-form-control wpcf7-text rounded-0 mb-3 p-2\" aria-invalid=\"false\" placeholder=\"Ch\u1ee7 \u0111\u1ec1\" \/><\/span> <\/div>\n<div class=\"col-12\"><span class=\"wpcf7-form-control-wrap\" data-name=\"your-message\"><textarea name=\"your-message\" cols=\"10\" rows=\"4\" class=\"wpcf7-form-control wpcf7-textarea rounded-0 mb-3 p-2\" aria-invalid=\"false\" placeholder=\"L\u1eddi nh\u1eafn\"><\/textarea><\/span><\/div>\n<div class=\"col-lg-4\"><input type=\"submit\" value=\"G\u1eedi \u0111i\" class=\"wpcf7-form-control has-spinner wpcf7-submit btn btn-primary btn-block rounded-0\" \/><\/div>\n<\/div>\n<div class=\"wpcf7-response-output\" aria-hidden=\"true\"><\/div><\/form><\/div>[\/vc_column][vc_column width=&#8221;5\/12&#8243; el_class=&#8221;contact-info&#8221;]    <div class=\"south-title text-left\">\n        <h3 class=\"title\">\u9023\u7d61\u5148\u60c5\u5831 <span><\/span><\/h3>\n\t\t    <\/div>\n<div class=\"wt-separator-outer \">\n                                    <div class=\"wt-separator style-square\">\n                                        <span class=\"separator-left bg-primary\"><\/span>\n                                        <span class=\"separator-right bg-primary\"><\/span>\n                                    <\/div>\n                                <\/div>\n[vc_column_text el_class=&#8221;mb-1&#8243;]\u3054\u4e0d\u660e\u306a\u70b9\u304c\u3054\u3056\u3044\u307e\u3057\u305f\u3089\u3001\u6b21\u306e\u60c5\u5831\u3092\u6dfb\u3048\u3066\u304a\u554f\u3044\u5408\u308f\u305b\u304f\u3060\u3055\u3044\u3002[\/vc_column_text]    <div class=\"item mb-3 icontit2\">\n        <div class=\"media align-items-center\"><i class=\"fa fa-2x fas fa-map-marker bg-primary\"><\/i>\n            <div class=\"media-body\"> <h5 class=\"text-uppercase text-justify mb-0 title\">\u0110\u1ecba ch\u1ec9:<\/h5>\n                <p class=\"description text-justify m-0\">L17-11, T\u1ea7ng 17 Vincom Center, 72 L\u00ea Th\u00e1nh T\u00f4n, B\u1ebfn Ngh\u00e9, Qu\u1eadn 1, TP.HCM<\/p>\n            <\/div><\/div>\n    <\/div>\n    <div class=\"item mb-3 icontit2\">\n        <div class=\"media align-items-center\"><i class=\"fa fa-2x fas fa-phone bg-primary\"><\/i>\n            <div class=\"media-body\"> <h5 class=\"text-uppercase text-justify mb-0 title\">Phone<\/h5>\n                <p class=\"description text-justify m-0\">+84 979 104 110<\/p>\n            <\/div><\/div>\n    <\/div>\n    <div class=\"item mb-3 icontit2\">\n        <div class=\"media align-items-center\"><i class=\"fa fa-2x fas fa-envelope bg-primary\"><\/i>\n            <div class=\"media-body\"> <h5 class=\"text-uppercase text-justify mb-0 title\">Email<\/h5>\n                <p class=\"description text-justify m-0\">info@thunderdragon.vn<\/p>\n            <\/div><\/div>\n    <\/div>\n[\/vc_column][\/vc_row][vc_row full_width=&#8221;stretch_row_content_no_spaces&#8221;][vc_column][vc_gmaps link=&#8221;#E-8_JTNDaWZyYW1lJTIwc3JjJTNEJTIyaHR0cHMlM0ElMkYlMkZ3d3cuZ29vZ2xlLmNvbSUyRm1hcHMlMkZlbWJlZCUzRnBiJTNEJTIxMW0xOCUyMTFtMTIlMjExbTMlMjExZDE5NTkuNzE2MzA3OTI1NTU1NiUyMTJkMTA2LjcwMDg5ODM3MTkzMzQyJTIxM2QxMC43NzgxNDA0MTQzMTQwNTQlMjEybTMlMjExZjAlMjEyZjAlMjEzZjAlMjEzbTIlMjExaTEwMjQlMjEyaTc2OCUyMTRmMTMuMSUyMTNtMyUyMTFtMiUyMTFzMHgzMTc1MmY0ODc2YzI5YTliJTI1M0EweGQyYzc5NzY4Njc4ZDIxNDIlMjEyelZNT3lZU0J1YU1PZ0lGWnBibU52YlNERWtPRzdrMjVuSUV0bzRidWZhUSUyMTVlMCUyMTNtMiUyMTFzZW4lMjEycyUyMTR2MTY1OTkyNjY2NjgwOSUyMTVtMiUyMTFzZW4lMjEycyUyMiUyMHdpZHRoJTNEJTIyNjAwJTIyJTIwaGVpZ2h0JTNEJTIyNDUwJTIyJTIwc3R5bGUlM0QlMjJib3JkZXIlM0EwJTNCJTIyJTIwYWxsb3dmdWxsc2NyZWVuJTNEJTIyJTIyJTIwbG9hZGluZyUzRCUyMmxhenklMjIlMjByZWZlcnJlcnBvbGljeSUzRCUyMm5vLXJlZmVycmVyLXdoZW4tZG93bmdyYWRlJTIyJTNFJTNDJTJGaWZyYW1lJTNF&#8221;][\/vc_column][\/vc_row]<\/p>\n","protected":false},"excerpt":{"rendered":"<p>[vc_row css=&#8221;.vc_custom_1559548963532{padding-bottom: 35px !important;}&#8221;][vc_column width=&#8221;7<\/p>\n","protected":false},"author":1,"featured_media":0,"parent":0,"menu_order":0,"comment_status":"closed","ping_status":"closed","template":"page-templates\/fullwidthpage.php","meta":{"footnotes":""},"class_list":["post-498","page","type-page","status-publish","hentry"],"yoast_head":"<!-- This site is optimized with the Yoast SEO plugin v22.1 - https:\/\/yoast.com\/wordpress\/plugins\/seo\/ -->\n<title>\u9023\u7d61 - Thunder Dragon<\/title>\n<meta name=\"robots\" content=\"index, follow, max-snippet:-1, max-image-preview:large, max-video-preview:-1\" \/>\n<link rel=\"canonical\" href=\"https:\/\/thunderdragon.vn\/ja\/\u9023\u7d61\/\" \/>\n<meta property=\"og:locale\" content=\"ja_JP\" \/>\n<meta property=\"og:type\" content=\"article\" \/>\n<meta property=\"og:title\" content=\"\u9023\u7d61 - Thunder Dragon\" \/>\n<meta property=\"og:description\" content=\"[vc_row css=&#8221;.vc_custom_1559548963532{padding-bottom: 35px !important;}&#8221;][vc_column width=&#8221;7\" \/>\n<meta property=\"og:url\" content=\"https:\/\/thunderdragon.vn\/ja\/\u9023\u7d61\/\" \/>\n<meta property=\"og:site_name\" content=\"Thunder Dragon\" \/>\n<meta property=\"article:modified_time\" content=\"2024-01-12T02:42:24+00:00\" \/>\n<meta name=\"twitter:card\" content=\"summary_large_image\" \/>\n<meta name=\"twitter:label1\" content=\"\u63a8\u5b9a\u8aad\u307f\u53d6\u308a\u6642\u9593\" \/>\n\t<meta name=\"twitter:data1\" content=\"1\u5206\" \/>\n<script type=\"application\/ld+json\" class=\"yoast-schema-graph\">{\"@context\":\"https:\/\/schema.org\",\"@graph\":[{\"@type\":\"WebPage\",\"@id\":\"https:\/\/thunderdragon.vn\/ja\/%e9%80%a3%e7%b5%a1\/\",\"url\":\"https:\/\/thunderdragon.vn\/ja\/%e9%80%a3%e7%b5%a1\/\",\"name\":\"\u9023\u7d61 - Thunder Dragon\",\"isPartOf\":{\"@id\":\"https:\/\/thunderdragon.vn\/#website\"},\"datePublished\":\"2024-01-10T02:36:44+00:00\",\"dateModified\":\"2024-01-12T02:42:24+00:00\",\"breadcrumb\":{\"@id\":\"https:\/\/thunderdragon.vn\/ja\/%e9%80%a3%e7%b5%a1\/#breadcrumb\"},\"inLanguage\":\"ja\",\"potentialAction\":[{\"@type\":\"ReadAction\",\"target\":[\"https:\/\/thunderdragon.vn\/ja\/%e9%80%a3%e7%b5%a1\/\"]}]},{\"@type\":\"BreadcrumbList\",\"@id\":\"https:\/\/thunderdragon.vn\/ja\/%e9%80%a3%e7%b5%a1\/#breadcrumb\",\"itemListElement\":[{\"@type\":\"ListItem\",\"position\":1,\"name\":\"\",\"item\":\"https:\/\/thunderdragon.vn\/ja\/\"},{\"@type\":\"ListItem\",\"position\":2,\"name\":\"\u9023\u7d61\"}]},{\"@type\":\"WebSite\",\"@id\":\"https:\/\/thunderdragon.vn\/#website\",\"url\":\"https:\/\/thunderdragon.vn\/\",\"name\":\"Thunder Dragon\",\"description\":\"C\u00f4ng Ty TNHH Thunder Dragon\",\"publisher\":{\"@id\":\"https:\/\/thunderdragon.vn\/#organization\"},\"potentialAction\":[{\"@type\":\"SearchAction\",\"target\":{\"@type\":\"EntryPoint\",\"urlTemplate\":\"https:\/\/thunderdragon.vn\/?s={search_term_string}\"},\"query-input\":\"required name=search_term_string\"}],\"inLanguage\":\"ja\"},{\"@type\":\"Organization\",\"@id\":\"https:\/\/thunderdragon.vn\/#organization\",\"name\":\"Thunder Dragon\",\"url\":\"https:\/\/thunderdragon.vn\/\",\"logo\":{\"@type\":\"ImageObject\",\"inLanguage\":\"ja\",\"@id\":\"https:\/\/thunderdragon.vn\/#\/schema\/logo\/image\/\",\"url\":\"https:\/\/thunderdragon.vn\/wp-content\/uploads\/2022\/07\/logo.png\",\"contentUrl\":\"https:\/\/thunderdragon.vn\/wp-content\/uploads\/2022\/07\/logo.png\",\"width\":75,\"height\":75,\"caption\":\"Thunder Dragon\"},\"image\":{\"@id\":\"https:\/\/thunderdragon.vn\/#\/schema\/logo\/image\/\"}}]}<\/script>\n<!-- \/ Yoast SEO plugin. -->","yoast_head_json":{"title":"\u9023\u7d61 - Thunder Dragon","robots":{"index":"index","follow":"follow","max-snippet":"max-snippet:-1","max-image-preview":"max-image-preview:large","max-video-preview":"max-video-preview:-1"},"canonical":"https:\/\/thunderdragon.vn\/ja\/\u9023\u7d61\/","og_locale":"ja_JP","og_type":"article","og_title":"\u9023\u7d61 - Thunder Dragon","og_description":"[vc_row css=&#8221;.vc_custom_1559548963532{padding-bottom: 35px !important;}&#8221;][vc_column width=&#8221;7","og_url":"https:\/\/thunderdragon.vn\/ja\/\u9023\u7d61\/","og_site_name":"Thunder Dragon","article_modified_time":"2024-01-12T02:42:24+00:00","twitter_card":"summary_large_image","twitter_misc":{"\u63a8\u5b9a\u8aad\u307f\u53d6\u308a\u6642\u9593":"1\u5206"},"schema":{"@context":"https:\/\/schema.org","@graph":[{"@type":"WebPage","@id":"https:\/\/thunderdragon.vn\/ja\/%e9%80%a3%e7%b5%a1\/","url":"https:\/\/thunderdragon.vn\/ja\/%e9%80%a3%e7%b5%a1\/","name":"\u9023\u7d61 - Thunder Dragon","isPartOf":{"@id":"https:\/\/thunderdragon.vn\/#website"},"datePublished":"2024-01-10T02:36:44+00:00","dateModified":"2024-01-12T02:42:24+00:00","breadcrumb":{"@id":"https:\/\/thunderdragon.vn\/ja\/%e9%80%a3%e7%b5%a1\/#breadcrumb"},"inLanguage":"ja","potentialAction":[{"@type":"ReadAction","target":["https:\/\/thunderdragon.vn\/ja\/%e9%80%a3%e7%b5%a1\/"]}]},{"@type":"BreadcrumbList","@id":"https:\/\/thunderdragon.vn\/ja\/%e9%80%a3%e7%b5%a1\/#breadcrumb","itemListElement":[{"@type":"ListItem","position":1,"name":"","item":"https:\/\/thunderdragon.vn\/ja\/"},{"@type":"ListItem","position":2,"name":"\u9023\u7d61"}]},{"@type":"WebSite","@id":"https:\/\/thunderdragon.vn\/#website","url":"https:\/\/thunderdragon.vn\/","name":"Thunder Dragon","description":"C\u00f4ng Ty TNHH Thunder Dragon","publisher":{"@id":"https:\/\/thunderdragon.vn\/#organization"},"potentialAction":[{"@type":"SearchAction","target":{"@type":"EntryPoint","urlTemplate":"https:\/\/thunderdragon.vn\/?s={search_term_string}"},"query-input":"required name=search_term_string"}],"inLanguage":"ja"},{"@type":"Organization","@id":"https:\/\/thunderdragon.vn\/#organization","name":"Thunder Dragon","url":"https:\/\/thunderdragon.vn\/","logo":{"@type":"ImageObject","inLanguage":"ja","@id":"https:\/\/thunderdragon.vn\/#\/schema\/logo\/image\/","url":"https:\/\/thunderdragon.vn\/wp-content\/uploads\/2022\/07\/logo.png","contentUrl":"https:\/\/thunderdragon.vn\/wp-content\/uploads\/2022\/07\/logo.png","width":75,"height":75,"caption":"Thunder Dragon"},"image":{"@id":"https:\/\/thunderdragon.vn\/#\/schema\/logo\/image\/"}}]}},"_links":{"self":[{"href":"https:\/\/thunderdragon.vn\/ja\/wp-json\/wp\/v2\/pages\/498","targetHints":{"allow":["GET"]}}],"collection":[{"href":"https:\/\/thunderdragon.vn\/ja\/wp-json\/wp\/v2\/pages"}],"about":[{"href":"https:\/\/thunderdragon.vn\/ja\/wp-json\/wp\/v2\/types\/page"}],"author":[{"embeddable":true,"href":"https:\/\/thunderdragon.vn\/ja\/wp-json\/wp\/v2\/users\/1"}],"replies":[{"embeddable":true,"href":"https:\/\/thunderdragon.vn\/ja\/wp-json\/wp\/v2\/comments?post=498"}],"version-history":[{"count":3,"href":"https:\/\/thunderdragon.vn\/ja\/wp-json\/wp\/v2\/pages\/498\/revisions"}],"predecessor-version":[{"id":537,"href":"https:\/\/thunderdragon.vn\/ja\/wp-json\/wp\/v2\/pages\/498\/revisions\/537"}],"wp:attachment":[{"href":"https:\/\/thunderdragon.vn\/ja\/wp-json\/wp\/v2\/media?parent=498"}],"curies":[{"name":"wp","href":"https:\/\/api.w.org\/{rel}","templated":true}]}}